{"id":68,"date":"2022-01-11T19:20:57","date_gmt":"2022-01-11T22:20:57","guid":{"rendered":"https:\/\/dskinformatica.com.br\/zanelladespachante\/?page_id=64"},"modified":"2022-05-10T18:56:49","modified_gmt":"2022-05-10T18:56:49","slug":"licenciamento","status":"publish","type":"page","link":"http:\/\/zanelladespachante.com.br\/?page_id=68","title":{"rendered":"Licenciamento"},"content":{"rendered":"\t\t<div data-elementor-type=\"wp-page\" data-elementor-id=\"68\" class=\"elementor elementor-68\" data-elementor-settings=\"[]\">\n\t\t\t\t\t\t\t<div class=\"elementor-section-wrap\">\n\t\t\t\t\t\t\t<section class=\"elementor-section elementor-top-section elementor-element elementor-element-814f427 elementor-section-boxed elementor-section-height-default elementor-section-height-default\" data-id=\"814f427\" data-element_type=\"section\">\n\t\t\t\t\t\t<div class=\"elementor-container elementor-column-gap-default\">\n\t\t\t\t\t<div class=\"elementor-column elementor-col-100 elementor-top-column elementor-element elementor-element-3710fc8\" data-id=\"3710fc8\" data-element_type=\"column\">\n\t\t\t<div class=\"elementor-widget-wrap elementor-element-populated\">\n\t\t\t\t\t\t\t\t<div class=\"elementor-element elementor-element-230ba90 elementor-widget elementor-widget-text-editor\" data-id=\"230ba90\" data-element_type=\"widget\" data-widget_type=\"text-editor.default\">\n\t\t\t\t<div class=\"elementor-widget-container\">\n\t\t\t<style>\/*! elementor - v3.5.4 - 23-01-2022 *\/\n.elementor-widget-text-editor.elementor-drop-cap-view-stacked .elementor-drop-cap{background-color:#818a91;color:#fff}.elementor-widget-text-editor.elementor-drop-cap-view-framed .elementor-drop-cap{color:#818a91;border:3px solid;background-color:transparent}.elementor-widget-text-editor:not(.elementor-drop-cap-view-default) .elementor-drop-cap{margin-top:8px}.elementor-widget-text-editor:not(.elementor-drop-cap-view-default) .elementor-drop-cap-letter{width:1em;height:1em}.elementor-widget-text-editor .elementor-drop-cap{float:left;text-align:center;line-height:1;font-size:50px}.elementor-widget-text-editor .elementor-drop-cap-letter{display:inline-block}<\/style>\t\t\t\t<h1 style=\"box-sizing: border-box; font-size: 2.42em; margin: 0px 0px 0.540791em; font-weight: 400; font-family: -apple-system, BlinkMacSystemFont, &quot;Segoe UI&quot;, Roboto, &quot;Helvetica Neue&quot;, Arial, sans-serif; color: rgb(43, 43, 43); clear: both; line-height: 1.216;\"><b style=\"box-sizing: border-box; font-weight: bolder;\">Licenciamento Digital ( CRLV-E ) \u2013 S\u00e3o Paulo<\/b><\/h1>\t\t\t\t\t\t<\/div>\n\t\t\t\t<\/div>\n\t\t\t\t\t<\/div>\n\t\t<\/div>\n\t\t\t\t\t\t\t<\/div>\n\t\t<\/section>\n\t\t\t\t<section class=\"elementor-section elementor-top-section elementor-element elementor-element-31bcf9f elementor-section-boxed elementor-section-height-default elementor-section-height-default\" data-id=\"31bcf9f\" data-element_type=\"section\">\n\t\t\t\t\t\t<div class=\"elementor-container elementor-column-gap-default\">\n\t\t\t\t\t<div class=\"elementor-column elementor-col-100 elementor-top-column elementor-element elementor-element-3aa7361\" data-id=\"3aa7361\" data-element_type=\"column\">\n\t\t\t<div class=\"elementor-widget-wrap elementor-element-populated\">\n\t\t\t\t\t\t\t\t<div class=\"elementor-element elementor-element-ca92378 elementor-widget-divider--view-line elementor-widget elementor-widget-divider\" data-id=\"ca92378\" data-element_type=\"widget\" data-widget_type=\"divider.default\">\n\t\t\t\t<div class=\"elementor-widget-container\">\n\t\t\t<style>\/*! elementor - v3.5.4 - 23-01-2022 *\/\n.elementor-widget-divider{--divider-border-style:none;--divider-border-width:1px;--divider-color:#2c2c2c;--divider-icon-size:20px;--divider-element-spacing:10px;--divider-pattern-height:24px;--divider-pattern-size:20px;--divider-pattern-url:none;--divider-pattern-repeat:repeat-x}.elementor-widget-divider .elementor-divider{display:-webkit-box;display:-ms-flexbox;display:flex}.elementor-widget-divider .elementor-divider__text{font-size:15px;line-height:1;max-width:95%}.elementor-widget-divider .elementor-divider__element{margin:0 var(--divider-element-spacing);-ms-flex-negative:0;flex-shrink:0}.elementor-widget-divider .elementor-icon{font-size:var(--divider-icon-size)}.elementor-widget-divider .elementor-divider-separator{display:-webkit-box;display:-ms-flexbox;display:flex;margin:0;direction:ltr}.elementor-widget-divider--view-line_icon .elementor-divider-separator,.elementor-widget-divider--view-line_text .elementor-divider-separator{-webkit-box-align:center;-ms-flex-align:center;align-items:center}.elementor-widget-divider--view-line_icon .elementor-divider-separator:after,.elementor-widget-divider--view-line_icon .elementor-divider-separator:before,.elementor-widget-divider--view-line_text .elementor-divider-separator:after,.elementor-widget-divider--view-line_text .elementor-divider-separator:before{display:block;content:\"\";border-bottom:0;-webkit-box-flex:1;-ms-flex-positive:1;flex-grow:1;border-top:var(--divider-border-width) var(--divider-border-style) var(--divider-color)}.elementor-widget-divider--element-align-left .elementor-divider .elementor-divider-separator>.elementor-divider__svg:first-of-type{-webkit-box-flex:0;-ms-flex-positive:0;flex-grow:0;-ms-flex-negative:100;flex-shrink:100}.elementor-widget-divider--element-align-left .elementor-divider-separator:before{content:none}.elementor-widget-divider--element-align-left .elementor-divider__element{margin-left:0}.elementor-widget-divider--element-align-right .elementor-divider .elementor-divider-separator>.elementor-divider__svg:last-of-type{-webkit-box-flex:0;-ms-flex-positive:0;flex-grow:0;-ms-flex-negative:100;flex-shrink:100}.elementor-widget-divider--element-align-right .elementor-divider-separator:after{content:none}.elementor-widget-divider--element-align-right .elementor-divider__element{margin-right:0}.elementor-widget-divider:not(.elementor-widget-divider--view-line_text):not(.elementor-widget-divider--view-line_icon) .elementor-divider-separator{border-top:var(--divider-border-width) var(--divider-border-style) var(--divider-color)}.elementor-widget-divider--separator-type-pattern{--divider-border-style:none}.elementor-widget-divider--separator-type-pattern.elementor-widget-divider--view-line .elementor-divider-separator,.elementor-widget-divider--separator-type-pattern:not(.elementor-widget-divider--view-line) .elementor-divider-separator:after,.elementor-widget-divider--separator-type-pattern:not(.elementor-widget-divider--view-line) .elementor-divider-separator:before,.elementor-widget-divider--separator-type-pattern:not([class*=elementor-widget-divider--view]) .elementor-divider-separator{width:100%;min-height:var(--divider-pattern-height);-webkit-mask-size:var(--divider-pattern-size) 100%;mask-size:var(--divider-pattern-size) 100%;-webkit-mask-repeat:var(--divider-pattern-repeat);mask-repeat:var(--divider-pattern-repeat);background-color:var(--divider-color);-webkit-mask-image:var(--divider-pattern-url);mask-image:var(--divider-pattern-url)}.elementor-widget-divider--no-spacing{--divider-pattern-size:auto}.elementor-widget-divider--bg-round{--divider-pattern-repeat:round}.rtl .elementor-widget-divider .elementor-divider__text{direction:rtl}<\/style>\t\t<div class=\"elementor-divider\">\n\t\t\t<span class=\"elementor-divider-separator\">\n\t\t\t\t\t\t<\/span>\n\t\t<\/div>\n\t\t\t\t<\/div>\n\t\t\t\t<\/div>\n\t\t\t\t\t<\/div>\n\t\t<\/div>\n\t\t\t\t\t\t\t<\/div>\n\t\t<\/section>\n\t\t\t\t<section class=\"elementor-section elementor-top-section elementor-element elementor-element-4e414c0 elementor-section-boxed elementor-section-height-default elementor-section-height-default\" data-id=\"4e414c0\" data-element_type=\"section\">\n\t\t\t\t\t\t<div class=\"elementor-container elementor-column-gap-default\">\n\t\t\t\t\t<div class=\"elementor-column elementor-col-100 elementor-top-column elementor-element elementor-element-84b9ed1\" data-id=\"84b9ed1\" data-element_type=\"column\">\n\t\t\t<div class=\"elementor-widget-wrap elementor-element-populated\">\n\t\t\t\t\t\t\t\t<div class=\"elementor-element elementor-element-f7ecba7 elementor-widget elementor-widget-text-editor\" data-id=\"f7ecba7\" data-element_type=\"widget\" data-widget_type=\"text-editor.default\">\n\t\t\t\t<div class=\"elementor-widget-container\">\n\t\t\t\t\t\t\t<p dir=\"ltr\">\u00c9 a emiss\u00e3o anual do novo Certificado de Registro e Licenciamento do Ve\u00edculo (CRLV-e), documento de porte obrigat\u00f3rio que permite a circula\u00e7\u00e3o do ve\u00edculo.<\/p><p dir=\"ltr\">Desde 08 de maio de 2020, a emiss\u00e3o do licenciamento anual (CRLV-e) \u00e9<strong>\u00a0digital<\/strong>.<\/p><p><span style=\"color: var( --e-global-color-text ); font-family: var( --e-global-typography-text-font-family ), Sans-serif;\"><b>Condi\u00e7\u00f5es<\/b><\/span><\/p><div dir=\"ltr\" data-target=\"#opcao001\" data-toggle=\"collapse\"><ul><li>Realize o servi\u00e7o de acordo com o calend\u00e1rio de licenciamento\u00a0<\/li><\/ul><\/div><ul><li>O ve\u00edculo deve estar registrado em qualquer munic\u00edpio do Estado de S\u00e3o Paulo.<\/li><\/ul><ul><li>O ve\u00edculo n\u00e3o poder\u00e1 apresentar restri\u00e7\u00f5es judiciais ou administrativas que impe\u00e7am o licenciamento. Neste caso procure um despachante.<\/li><\/ul><div dir=\"ltr\" data-target=\"#opcao4\" data-toggle=\"collapse\"><ul><li>O ve\u00edculo dever\u00e1 estar emplacado com placas de 3 letras\u00a0<\/li><\/ul><\/div><ul dir=\"ltr\"><li>Para ve\u00edculo movido a g\u00e1s natural (GNV), necess\u00e1rio obter o Certificado de Seguran\u00e7a Veicular (CSV) do estado de S\u00e3o Paulo do ano corrente.<\/li><\/ul><ul dir=\"ltr\"><li>Ve\u00edculo de aluguel deve obter a autoriza\u00e7\u00e3o para transporte emitida pelo \u00f3rg\u00e3o competente (Prefeitura Municipal, ARTESP, EMTU, ANTT, DER ou EMBRATUR).<\/li><\/ul><ul dir=\"ltr\"><li>Ve\u00edculo com bloqueio judicial deve obter uma determina\u00e7\u00e3o judicial expressa permitindo o licenciamento do ano em exerc\u00edcio ou desbloqueio do ve\u00edculo.<\/li><\/ul><p><strong>Quando solicitar\u00a0<\/strong><\/p><div><p dir=\"ltr\"><strong>A) Ve\u00edculo de passageiros, \u00f4nibus, reboque e semirreboque<\/strong><\/p><p dir=\"ltr\"><strong>Final da placa &#8211; per\u00edodo de licenciamento<\/strong><br \/>O pagamento para qualquer final de placa pode ser feito a partir de julho. Se n\u00e3o for realizado at\u00e9 o \u00faltimo dia \u00fatil do m\u00eas referente ao n\u00famero final da placa, haver\u00e1 incid\u00eancia de multa e juros.<\/p><\/div>\t\t\t\t\t\t<\/div>\n\t\t\t\t<\/div>\n\t\t\t\t\t<\/div>\n\t\t<\/div>\n\t\t\t\t\t\t\t<\/div>\n\t\t<\/section>\n\t\t\t\t<section class=\"elementor-section elementor-top-section elementor-element elementor-element-fb300c6 elementor-section-boxed elementor-section-height-default elementor-section-height-default\" data-id=\"fb300c6\" data-element_type=\"section\">\n\t\t\t\t\t\t<div class=\"elementor-container elementor-column-gap-default\">\n\t\t\t\t\t<div class=\"elementor-column elementor-col-100 elementor-top-column elementor-element elementor-element-6dd2dce\" data-id=\"6dd2dce\" data-element_type=\"column\">\n\t\t\t<div class=\"elementor-widget-wrap elementor-element-populated\">\n\t\t\t\t\t\t\t\t<div class=\"elementor-element elementor-element-240c956 elementor-widget elementor-widget-text-editor\" data-id=\"240c956\" data-element_type=\"widget\" data-widget_type=\"text-editor.default\">\n\t\t\t\t<div class=\"elementor-widget-container\">\n\t\t\t\t\t\t\t<h1 style=\"box-sizing: border-box; font-size: 2.42em; margin: 0px 0px 0.540791em; font-weight: 400; font-family: -apple-system, BlinkMacSystemFont, &quot;Segoe UI&quot;, Roboto, &quot;Helvetica Neue&quot;, Arial, sans-serif; color: rgb(43, 43, 43); clear: both; line-height: 1.216;\"><b style=\"box-sizing: border-box; font-weight: bolder;\">Licenciamento Digital ( CRLV-E ) \u2013 S\u00e3o Paulo<\/b><\/h1>\t\t\t\t\t\t<\/div>\n\t\t\t\t<\/div>\n\t\t\t\t\t<\/div>\n\t\t<\/div>\n\t\t\t\t\t\t\t<\/div>\n\t\t<\/section>\n\t\t\t\t<section class=\"elementor-section elementor-top-section elementor-element elementor-element-5917b72 elementor-section-boxed elementor-section-height-default elementor-section-height-default\" data-id=\"5917b72\" data-element_type=\"section\">\n\t\t\t\t\t\t<div class=\"elementor-container elementor-column-gap-default\">\n\t\t\t\t\t<div class=\"elementor-column elementor-col-100 elementor-top-column elementor-element elementor-element-1aa9746\" data-id=\"1aa9746\" data-element_type=\"column\">\n\t\t\t<div class=\"elementor-widget-wrap elementor-element-populated\">\n\t\t\t\t\t\t\t\t<div class=\"elementor-element elementor-element-a580ec2 elementor-widget elementor-widget-text-editor\" data-id=\"a580ec2\" data-element_type=\"widget\" data-widget_type=\"text-editor.default\">\n\t\t\t\t<div class=\"elementor-widget-container\">\n\t\t\t\t\t\t\t<p dir=\"ltr\">\u00c9 a emiss\u00e3o anual do novo Certificado de Registro e Licenciamento do Ve\u00edculo (CRLV-e), documento de porte obrigat\u00f3rio que permite a circula\u00e7\u00e3o do ve\u00edculo.<\/p><p dir=\"ltr\">Desde 08 de maio de 2020, a emiss\u00e3o do licenciamento anual (CRLV-e) \u00e9<strong>\u00a0digital<\/strong>.<\/p><p><span style=\"color: var( --e-global-color-text ); font-family: var( --e-global-typography-text-font-family ), Sans-serif;\"><b>Condi\u00e7\u00f5es<\/b><\/span><\/p><div dir=\"ltr\" data-target=\"#opcao001\" data-toggle=\"collapse\"><ul><li>Realize o servi\u00e7o de acordo com o calend\u00e1rio de licenciamento\u00a0<\/li><\/ul><\/div><ul><li>O ve\u00edculo deve estar registrado em qualquer munic\u00edpio do Estado de S\u00e3o Paulo.<\/li><\/ul><ul><li>O ve\u00edculo n\u00e3o poder\u00e1 apresentar restri\u00e7\u00f5es judiciais ou administrativas que impe\u00e7am o licenciamento. Neste caso procure um despachante.<\/li><\/ul><div dir=\"ltr\" data-target=\"#opcao4\" data-toggle=\"collapse\"><ul><li>O ve\u00edculo dever\u00e1 estar emplacado com placas de 3 letras\u00a0<\/li><\/ul><\/div><ul dir=\"ltr\"><li>Para ve\u00edculo movido a g\u00e1s natural (GNV), necess\u00e1rio obter o Certificado de Seguran\u00e7a Veicular (CSV) do estado de S\u00e3o Paulo do ano corrente.<\/li><\/ul><ul dir=\"ltr\"><li>Ve\u00edculo de aluguel deve obter a autoriza\u00e7\u00e3o para transporte emitida pelo \u00f3rg\u00e3o competente (Prefeitura Municipal, ARTESP, EMTU, ANTT, DER ou EMBRATUR).<\/li><\/ul><ul dir=\"ltr\"><li>Ve\u00edculo com bloqueio judicial deve obter uma determina\u00e7\u00e3o judicial expressa permitindo o licenciamento do ano em exerc\u00edcio ou desbloqueio do ve\u00edculo.<\/li><\/ul><p><strong>Quando solicitar\u00a0<\/strong><\/p><div><p dir=\"ltr\"><strong>A) Ve\u00edculo de passageiros, \u00f4nibus, reboque e semirreboque<\/strong><\/p><p dir=\"ltr\"><strong>Final da placa &#8211; per\u00edodo de licenciamento<\/strong><br \/>O pagamento para qualquer final de placa pode ser feito a partir de julho. Se n\u00e3o for realizado at\u00e9 o \u00faltimo dia \u00fatil do m\u00eas referente ao n\u00famero final da placa, haver\u00e1 incid\u00eancia de multa e juros.<\/p><\/div>\t\t\t\t\t\t<\/div>\n\t\t\t\t<\/div>\n\t\t\t\t\t<\/div>\n\t\t<\/div>\n\t\t\t\t\t\t\t<\/div>\n\t\t<\/section>\n\t\t\t\t<section class=\"elementor-section elementor-top-section elementor-element elementor-element-f77ca31 elementor-section-boxed elementor-section-height-default elementor-section-height-default\" data-id=\"f77ca31\" data-element_type=\"section\">\n\t\t\t\t\t\t<div class=\"elementor-container elementor-column-gap-default\">\n\t\t\t\t\t<div class=\"elementor-column elementor-col-50 elementor-top-column elementor-element elementor-element-35fe2c5\" data-id=\"35fe2c5\" data-element_type=\"column\">\n\t\t\t<div class=\"elementor-widget-wrap elementor-element-populated\">\n\t\t\t\t\t\t\t\t<div class=\"elementor-element elementor-element-4d68a06 elementor-widget elementor-widget-image\" data-id=\"4d68a06\" data-element_type=\"widget\" data-widget_type=\"image.default\">\n\t\t\t\t<div class=\"elementor-widget-container\">\n\t\t\t<style>\/*! elementor - v3.5.4 - 23-01-2022 *\/\n.elementor-widget-image{text-align:center}.elementor-widget-image a{display:inline-block}.elementor-widget-image a img[src$=\".svg\"]{width:48px}.elementor-widget-image img{vertical-align:middle;display:inline-block}<\/style>\t\t\t\t\t\t\t\t\t\t\t\t<img decoding=\"async\" src=\"http:\/\/dskinformatica.com.br\/zanelladespachante\/wp-content\/uploads\/2022\/01\/Mascote_Zanella-04.png\" title=\"\" alt=\"\" \/>\t\t\t\t\t\t\t\t\t\t\t\t\t\t\t<\/div>\n\t\t\t\t<\/div>\n\t\t\t\t\t<\/div>\n\t\t<\/div>\n\t\t\t\t<div class=\"elementor-column elementor-col-50 elementor-top-column elementor-element elementor-element-29a1839\" data-id=\"29a1839\" data-element_type=\"column\">\n\t\t\t<div class=\"elementor-widget-wrap elementor-element-populated\">\n\t\t\t\t\t\t\t\t<div class=\"elementor-element elementor-element-f2e3354 elementor-widget elementor-widget-image\" data-id=\"f2e3354\" data-element_type=\"widget\" data-widget_type=\"image.default\">\n\t\t\t\t<div class=\"elementor-widget-container\">\n\t\t\t\t\t\t\t\t\t\t\t\t\t\t\t<img decoding=\"async\" src=\"http:\/\/dskinformatica.com.br\/zanelladespachante\/wp-content\/uploads\/2022\/01\/Licenciamento_Auto.jpg\" title=\"\" alt=\"\" \/>\t\t\t\t\t\t\t\t\t\t\t\t\t\t\t<\/div>\n\t\t\t\t<\/div>\n\t\t\t\t\t<\/div>\n\t\t<\/div>\n\t\t\t\t\t\t\t<\/div>\n\t\t<\/section>\n\t\t\t\t<section class=\"elementor-section elementor-top-section elementor-element elementor-element-0155dd8 elementor-section-boxed elementor-section-height-default elementor-section-height-default\" data-id=\"0155dd8\" data-element_type=\"section\">\n\t\t\t\t\t\t<div class=\"elementor-container elementor-column-gap-default\">\n\t\t\t\t\t<div class=\"elementor-column elementor-col-100 elementor-top-column elementor-element elementor-element-286c783\" data-id=\"286c783\" data-element_type=\"column\">\n\t\t\t<div class=\"elementor-widget-wrap elementor-element-populated\">\n\t\t\t\t\t\t\t\t<div class=\"elementor-element elementor-element-9f1aba3 elementor-widget elementor-widget-text-editor\" data-id=\"9f1aba3\" data-element_type=\"widget\" data-widget_type=\"text-editor.default\">\n\t\t\t\t<div class=\"elementor-widget-container\">\n\t\t\t\t\t\t\t<p dir=\"ltr\"><strong>B) Caminh\u00e3o<\/strong><\/p><p dir=\"ltr\"><strong>Final da placa &#8211; per\u00edodo do licenciamento<\/strong><br \/>O pagamento para qualquer final de placa pode ser feito a partir de setembro. Se n\u00e3o for realizado at\u00e9 o \u00faltimo dia \u00fatil do m\u00eas referente ao n\u00famero final da placa, haver\u00e1 incid\u00eancia de multa e juros.<\/p>\t\t\t\t\t\t<\/div>\n\t\t\t\t<\/div>\n\t\t\t\t\t<\/div>\n\t\t<\/div>\n\t\t\t\t\t\t\t<\/div>\n\t\t<\/section>\n\t\t\t\t<section class=\"elementor-section elementor-top-section elementor-element elementor-element-e50eb15 elementor-section-boxed elementor-section-height-default elementor-section-height-default\" data-id=\"e50eb15\" data-element_type=\"section\">\n\t\t\t\t\t\t<div class=\"elementor-container elementor-column-gap-default\">\n\t\t\t\t\t<div class=\"elementor-column elementor-col-50 elementor-top-column elementor-element elementor-element-c6b3c49\" data-id=\"c6b3c49\" data-element_type=\"column\">\n\t\t\t<div class=\"elementor-widget-wrap elementor-element-populated\">\n\t\t\t\t\t\t\t\t<div class=\"elementor-element elementor-element-ef14fa8 elementor-widget elementor-widget-image\" data-id=\"ef14fa8\" data-element_type=\"widget\" data-widget_type=\"image.default\">\n\t\t\t\t<div class=\"elementor-widget-container\">\n\t\t\t\t\t\t\t\t\t\t\t\t\t\t\t<img decoding=\"async\" src=\"http:\/\/dskinformatica.com.br\/zanelladespachante\/wp-content\/uploads\/2022\/01\/Mascote_Zanella-04.png\" title=\"\" alt=\"\" \/>\t\t\t\t\t\t\t\t\t\t\t\t\t\t\t<\/div>\n\t\t\t\t<\/div>\n\t\t\t\t\t<\/div>\n\t\t<\/div>\n\t\t\t\t<div class=\"elementor-column elementor-col-50 elementor-top-column elementor-element elementor-element-ec020fa\" data-id=\"ec020fa\" data-element_type=\"column\">\n\t\t\t<div class=\"elementor-widget-wrap elementor-element-populated\">\n\t\t\t\t\t\t\t\t<div class=\"elementor-element elementor-element-bdf5357 elementor-widget elementor-widget-image\" data-id=\"bdf5357\" data-element_type=\"widget\" data-widget_type=\"image.default\">\n\t\t\t\t<div class=\"elementor-widget-container\">\n\t\t\t\t\t\t\t\t\t\t\t\t\t\t\t<img decoding=\"async\" src=\"http:\/\/dskinformatica.com.br\/zanelladespachante\/wp-content\/uploads\/2022\/01\/Licenciamento_Outros.jpg\" title=\"\" alt=\"\" \/>\t\t\t\t\t\t\t\t\t\t\t\t\t\t\t<\/div>\n\t\t\t\t<\/div>\n\t\t\t\t\t<\/div>\n\t\t<\/div>\n\t\t\t\t\t\t\t<\/div>\n\t\t<\/section>\n\t\t\t\t<section class=\"elementor-section elementor-top-section elementor-element elementor-element-17adf45 elementor-section-boxed elementor-section-height-default elementor-section-height-default\" data-id=\"17adf45\" data-element_type=\"section\">\n\t\t\t\t\t\t<div class=\"elementor-container elementor-column-gap-default\">\n\t\t\t\t\t<div class=\"elementor-column elementor-col-100 elementor-top-column elementor-element elementor-element-e7824b0\" data-id=\"e7824b0\" data-element_type=\"column\">\n\t\t\t<div class=\"elementor-widget-wrap elementor-element-populated\">\n\t\t\t\t\t\t\t\t<div class=\"elementor-element elementor-element-deba642 elementor-widget elementor-widget-text-editor\" data-id=\"deba642\" data-element_type=\"widget\" data-widget_type=\"text-editor.default\">\n\t\t\t\t<div class=\"elementor-widget-container\">\n\t\t\t\t\t\t\t<h4><strong>Aten\u00e7\u00e3o!<p><\/p>\n<\/strong><p><strong><\/strong><\/p>\n<p><strong><\/strong>Voc\u00ea deve emitir imprimir seu documento at\u00e9 o t\u00e9rmino do per\u00edodo de licenciamento de seu ve\u00edculo.&nbsp;<br>A partir do dia 1\u00ba do m\u00eas seguinte, seu ve\u00edculo s\u00f3 poder\u00e1 circular se o motorista estiver com o novo licenciamento.<\/p>\n<p><b>Procure sempre um despachante credenciado !!<\/b><\/p>\n<\/h4>\t\t\t\t\t\t<\/div>\n\t\t\t\t<\/div>\n\t\t\t\t\t<\/div>\n\t\t<\/div>\n\t\t\t\t\t\t\t<\/div>\n\t\t<\/section>\n\t\t\t\t\t\t<\/div>\n\t\t\t\t\t<\/div>\n\t\t","protected":false},"excerpt":{"rendered":"<p>Licenciamento Digital ( CRLV-E ) \u2013 S\u00e3o Paulo \u00c9 a emiss\u00e3o anual do novo Certificado de Registro e Licenciamento do Ve\u00edculo (CRLV-e), documento de porte&hellip;<\/p>\n","protected":false},"author":1,"featured_media":0,"parent":0,"menu_order":0,"comment_status":"closed","ping_status":"closed","template":"","meta":{"footnotes":""},"_links":{"self":[{"href":"http:\/\/zanelladespachante.com.br\/index.php?rest_route=\/wp\/v2\/pages\/68"}],"collection":[{"href":"http:\/\/zanelladespachante.com.br\/index.php?rest_route=\/wp\/v2\/pages"}],"about":[{"href":"http:\/\/zanelladespachante.com.br\/index.php?rest_route=\/wp\/v2\/types\/page"}],"author":[{"embeddable":true,"href":"http:\/\/zanelladespachante.com.br\/index.php?rest_route=\/wp\/v2\/users\/1"}],"replies":[{"embeddable":true,"href":"http:\/\/zanelladespachante.com.br\/index.php?rest_route=%2Fwp%2Fv2%2Fcomments&post=68"}],"version-history":[{"count":3,"href":"http:\/\/zanelladespachante.com.br\/index.php?rest_route=\/wp\/v2\/pages\/68\/revisions"}],"predecessor-version":[{"id":388,"href":"http:\/\/zanelladespachante.com.br\/index.php?rest_route=\/wp\/v2\/pages\/68\/revisions\/388"}],"wp:attachment":[{"href":"http:\/\/zanelladespachante.com.br\/index.php?rest_route=%2Fwp%2Fv2%2Fmedia&parent=68"}],"curies":[{"name":"wp","href":"https:\/\/api.w.org\/{rel}","templated":true}]}}